{"id":5808,"date":"2026-01-13T11:25:23","date_gmt":"2026-01-13T10:25:23","guid":{"rendered":"https:\/\/cirquedeau.doderer.at\/?page_id=5808"},"modified":"2026-01-13T17:00:10","modified_gmt":"2026-01-13T16:00:10","slug":"seenklaenge","status":"publish","type":"page","link":"https:\/\/cirquedeau.doderer.at\/en\/seenklaenge","title":{"rendered":"See(le)n Kl\u00e4nge"},"content":{"rendered":"<div class=\"wpb-content-wrapper\"><div  class=\"vc_row vc-row-wrapper full_width_content dfd-background-dark dfd-row-full-height dfd-row-content-middle\" data-parallax_sense=\"30\"><div class=\"wpb_row row\" >\n\t<div class=\"twelve columns vc-column-extra-class-69dd1bf22da84\" data-parallax_sense=\"30\">\n\t\t<div class=\"wpb_wrapper\">\n\t\t\t\r\n\t<div class=\"wpb_single_image wpb_content_element vc_align_center  wpb_animate_when_almost_visible wpb_zoomIn zoomIn vc_custom_1768313205319\" >\r\n\t\t<div class=\"wpb_wrapper\">\r\n\t\t\t\r\n\t\t\t<div class=\"vc_single_image-wrapper   vc_box_border_grey\" ><img decoding=\"async\" class=\"vc_single_image-img\" src=\"https:\/\/cirquedeau.doderer.at\/wp-content\/uploads\/2026\/01\/cirquedeau_logo_2-300x215.png\" width=\"300\" height=\"215\" alt=\"cirquedeau_logo\" title=\"cirquedeau_logo\" loading=\"lazy\" \/><\/div>\r\n\t\t\t\r\n\t\t<\/div>\r\n\t<\/div>\r\n\n\t<div class=\"wpb_text_column wpb_content_element  wpb_animate_when_almost_visible wpb_zoomIn zoomIn\" >\n\t\t<div class=\"wpb_wrapper\">\n\t\t\t<h1 style=\"text-align: center;\">See(le)n Kl\u00e4nge<\/h1>\n\n\t\t<\/div> \n\t<\/div> \n\t\t<\/div> <script type=\"text\/javascript\">(function($) {$(\"head\").append(\"<style>@media (max-width: 799px){.columns.vc-column-extra-class-69dd1bf22da84{padding-top: 200px !important;padding-bottom: 200px !important;}}<\/style>\");})(jQuery);<\/script>\n\t<\/div> \n<\/div><div class=\"dfd-row-bg-wrapper-cover\"><div class=\"dfd-row-bg-wrap dfd-row-bg-image dfd_simple_image dfd-bg-lazy-load\" id=\"dfd-image-bg-69dd1bf22e2b5\"  data-bg-img=\"https:\/\/cirquedeau.doderer.at\/wp-content\/uploads\/2026\/01\/bg2.jpg\" data-mobile_enable=\"1\"><\/div><\/div><script type=\"text\/javascript\">(function($) {$(\"head\").append(\"<style>#dfd-image-bg-69dd1bf22e2b5 {background-repeat: no-repeat;background-size: cover;background-attachment: fixed;}<\/style>\");})(jQuery);<\/script><\/div><div  class=\"vc_row vc-row-wrapper equal-height-columns mobile-destroy-equal-heights vc-row-destroy-equal-heights-69dd1bf22e620 aligh-content-verticaly vc-row-responsive-69dd1bf22e62b vc_custom_1768311679947\"  data-resolution=\"800\"data-parallax_sense=\"30\"><div class=\"wpb_row row\" >\n\t<div class=\"four columns vc-column-extra-class-69dd1bf22e812\" data-parallax_sense=\"30\">\n\t\t<div class=\"wpb_wrapper\">\n\t\t\t\r\n\t<div class=\"wpb_single_image wpb_content_element vc_align_left\" >\r\n\t\t<div class=\"wpb_wrapper\">\r\n\t\t\t\r\n\t\t\t<div class=\"vc_single_image-wrapper   vc_box_border_grey\" ><img loading=\"lazy\" decoding=\"async\" width=\"768\" height=\"511\" src=\"https:\/\/cirquedeau.doderer.at\/wp-content\/uploads\/2026\/01\/WhatsApp-Image-2025-08-28-at-14.01.40-768x511-1.jpg\" class=\"vc_single_image-img attachment-full\" alt=\"\" title=\"\" srcset=\"https:\/\/cirquedeau.doderer.at\/wp-content\/uploads\/2026\/01\/WhatsApp-Image-2025-08-28-at-14.01.40-768x511-1.jpg 768w, https:\/\/cirquedeau.doderer.at\/wp-content\/uploads\/2026\/01\/WhatsApp-Image-2025-08-28-at-14.01.40-768x511-1-300x200.jpg 300w, https:\/\/cirquedeau.doderer.at\/wp-content\/uploads\/2026\/01\/WhatsApp-Image-2025-08-28-at-14.01.40-768x511-1-18x12.jpg 18w\" sizes=\"auto, (max-width: 768px) 100vw, 768px\" \/><\/div>\r\n\t\t\t\r\n\t\t<\/div>\r\n\t<\/div>\r\n\n\t\t<\/div> <script type=\"text\/javascript\">(function($) {$(\"head\").append(\"<style>@media (max-width: 799px){.columns.vc-column-extra-class-69dd1bf22e812{margin-left: 0px !important;margin-right: 0px !important;border-left-width: 0px !important;border-right-width: 0px !important;padding-bottom: 30px !important;padding-left: 0px !important;padding-right: 0px !important;}}<\/style>\");})(jQuery);<\/script>\n\t<\/div> \n\n\t<div class=\"eight columns vc-column-extra-class-69dd1bf22ed99\" data-parallax_sense=\"30\">\n\t\t<div class=\"wpb_wrapper\">\n\t\t\t\n\t<div class=\"wpb_text_column wpb_content_element\" >\n\t\t<div class=\"wpb_wrapper\">\n\t\t\t<h2 data-pm-slice=\"1 1 &#091;&#093;\">See(len) Kl\u00e4nge<\/h2>\n<h5>Mondsee, Mattsee, Achensee, Fuschlsee, Millst\u00e4tter See, Hinterer Langsee im Silbertal (in Arbeit), Obersee ( bei Lunz am See, in Arbeit) wurden von mir vertont und es hat sich daraus sukzessive ein Seenprojekt entwickelt. Derzeit entsteht eine CD Produktion auf der alle Seenkompositonen eingespielt werden. Die Werke sind u. a. im Musikverlag Doblinger verlegt und haben im int. Konzertprogrammen einen fixen Platz.<\/h5>\n\n\t\t<\/div> \n\t<\/div> \n\t\t<\/div> \n\t<\/div> \n<\/div><script type=\"text\/javascript\">(function($) {$(\"head\").append(\"<style>@media (min-width: 800px) and (max-width: 800px) {.vc-row-destroy-equal-heights-69dd1bf22e620.aligh-content-verticaly.mobile-destroy-equal-heights .dfd-vertical-aligned {top: 0;-webkit-transform: translateY(0);-moz-transform: translateY(0);-o-transform: translateY(0); transform: translateY(0);}.vc-row-destroy-equal-heights-69dd1bf22e620.vc-row-wrapper.equal-height-columns > .fp-tableCell > .fp-scrollable > .fp-scroller > .row > .columns,.vc-row-destroy-equal-heights-69dd1bf22e620.vc-row-wrapper.equal-height-columns > .fp-tableCell > .fp-scrollable > .row > .columns,.vc-row-destroy-equal-heights-69dd1bf22e620.vc-row-wrapper.equal-height-columns > .fp-tableCell > .row > .columns {height: auto;}}@media (max-width: 799px){.vc-row-wrapper.vc-row-responsive-69dd1bf22e62b{padding-top: 0px !important;}}<\/style>\");})(jQuery);<\/script><\/div><div  class=\"vc_row vc-row-wrapper dfd-background-dark vc_custom_1768312340656\" data-parallax_sense=\"30\"><div class=\"wpb_row row\" >\n\t<div class=\"twelve columns vc-column-extra-class-69dd1bf22f349\" data-parallax_sense=\"30\">\n\t\t<div class=\"wpb_wrapper\">\n\t\t\t\n\t<div class=\"wpb_text_column wpb_content_element\" >\n\t\t<div class=\"wpb_wrapper\">\n\t\t\t<h2 style=\"text-align: center;\">Schon bald finden Sie hier weitere Informationen.<\/h2>\n\n\t\t<\/div> \n\t<\/div> \n\t\t<\/div> \n\t<\/div> \n<\/div><div class=\"dfd-row-bg-wrapper-cover\"><div class=\"dfd-row-bg-wrap dfd-row-bg-image dfd_simple_image dfd-bg-lazy-load\" id=\"dfd-image-bg-69dd1bf22f5d1\"  data-bg-img=\"https:\/\/cirquedeau.doderer.at\/wp-content\/uploads\/2026\/01\/bg2.jpg\" data-mobile_enable=\"1\"><\/div><\/div><div class=\"dfd-row-bg-overlay\" style=\"opacity: 0.8;\"><\/div><script type=\"text\/javascript\">(function($) {$(\"head\").append(\"<style>#dfd-image-bg-69dd1bf22f5d1 {background-repeat: no-repeat;background-size: cover;background-attachment: fixed;}<\/style>\");})(jQuery);<\/script><\/div>\n<\/div>","protected":false},"excerpt":{"rendered":"See(le)n Kl\u00e4nge See(len) Kl\u00e4nge Mondsee, Mattsee, Achensee, Fuschlsee, Millst\u00e4tter See, Hinterer Langsee im Silbertal (in Arbeit), Obersee ( bei Lunz am See, in Arbeit) wurden von mir vertont und es","protected":false},"author":3,"featured_media":0,"parent":0,"menu_order":0,"comment_status":"closed","ping_status":"closed","template":"page-custom.php","meta":{"footnotes":""},"class_list":["post-5808","page","type-page","status-publish","hentry"],"_links":{"self":[{"href":"https:\/\/cirquedeau.doderer.at\/en\/wp-json\/wp\/v2\/pages\/5808","targetHints":{"allow":["GET"]}}],"collection":[{"href":"https:\/\/cirquedeau.doderer.at\/en\/wp-json\/wp\/v2\/pages"}],"about":[{"href":"https:\/\/cirquedeau.doderer.at\/en\/wp-json\/wp\/v2\/types\/page"}],"author":[{"embeddable":true,"href":"https:\/\/cirquedeau.doderer.at\/en\/wp-json\/wp\/v2\/users\/3"}],"replies":[{"embeddable":true,"href":"https:\/\/cirquedeau.doderer.at\/en\/wp-json\/wp\/v2\/comments?post=5808"}],"version-history":[{"count":16,"href":"https:\/\/cirquedeau.doderer.at\/en\/wp-json\/wp\/v2\/pages\/5808\/revisions"}],"predecessor-version":[{"id":5927,"href":"https:\/\/cirquedeau.doderer.at\/en\/wp-json\/wp\/v2\/pages\/5808\/revisions\/5927"}],"wp:attachment":[{"href":"https:\/\/cirquedeau.doderer.at\/en\/wp-json\/wp\/v2\/media?parent=5808"}],"curies":[{"name":"wp","href":"https:\/\/api.w.org\/{rel}","templated":true}]}}